{"id":146413,"date":"2025-05-07T23:45:59","date_gmt":"2025-05-08T03:45:59","guid":{"rendered":"https:\/\/ggpiks-art.com\/mentions-legales\/"},"modified":"2025-05-12T12:54:57","modified_gmt":"2025-05-12T16:54:57","slug":"legal-notices","status":"publish","type":"page","link":"https:\/\/ggpiks-art.com\/en\/legal-notices\/","title":{"rendered":"Legal Notices"},"content":{"rendered":"\t\t<div data-elementor-type=\"wp-page\" data-elementor-id=\"146413\" class=\"elementor elementor-146413 elementor-146342\" data-elementor-post-type=\"page\">\n\t\t\t\t<div class=\"elementor-element elementor-element-efe060a e-flex e-con-boxed e-con e-parent\" data-id=\"efe060a\" data-element_type=\"container\" data-e-type=\"container\">\n\t\t\t\t\t<div class=\"e-con-inner\">\n\t\t\t\t<div class=\"elementor-element elementor-element-ba58941 elementor-widget elementor-widget-heading\" data-id=\"ba58941\" data-element_type=\"widget\" data-e-type=\"widget\" data-widget_type=\"heading.default\">\n\t\t\t\t<div class=\"elementor-widget-container\">\n\t\t\t\t\t<h1 class=\"elementor-heading-title elementor-size-default\">LEGAL NOTICES<\/h1>\t\t\t\t<\/div>\n\t\t\t\t<\/div>\n\t\t\t\t<div class=\"elementor-element elementor-element-42d1de4 elementor-widget elementor-widget-text-editor\" data-id=\"42d1de4\" data-element_type=\"widget\" data-e-type=\"widget\" data-widget_type=\"text-editor.default\">\n\t\t\t\t<div class=\"elementor-widget-container\">\n\t\t\t\t\t\t\t\t\t<p>In accordance with the provisions of Law No. 2004-575 of 21 June 2004 on confidence in the digital economy, users of the ggpiks-art website are informed of the identity of the various parties involved in its creation and monitoring.<\/p><h2>Publication of the site<\/h2><p>This site, accessible at the URL https:\/\/ggpiks-art.com\/ (the \u2018Site\u2019), is published by :<\/p><p>GGPIKS , a company with capital of 1000 euros, registered with the R.C.S. of POINTE-A-PITRE under the number 899599328 RCS POINTE A PITRE, whose registered office is located at 36 Lotissement B\u00e9bel 97115 Sainte-Rose, represented by J\u00e9r\u00f4me NADESSIN, duly authorised.<\/p><p>The individual VAT number of the publisher is: FR73899599328.<\/p><h2>Hosting<\/h2><p>The Site is hosted by the company ionos, located at 7 PLACE DE LA GARE, 57200 SARREGUEMINES, (telephone contact or email: +33970808911).<\/p><h2>Publication Director<\/h2><p>The Site&#8217;s Publication Director is J\u00e9r\u00f4me NADESSIN.<\/p><h2>How to contact us<\/h2><ul><li>By telephone: +590690677674<\/li><li>By email: ggpiksmanagement@gmail.com<\/li><li>By post: 36 Lotissement B\u00e9bel 97115 SAINTE-ROSE<\/li><\/ul><h2>Personal information<\/h2><p>The processing of your personal data is governed by our <a href=\"https:\/\/ggpiks-art.com\/en\/politique-de-protection-des-donnees-eu\/\">Privacy Policy page<\/a>, in accordance with the General Data Protection Regulation 2016\/679 of 27 April 2016 (\u2018GDPR\u2019).<\/p><p>Legal notices generated by Legalstart.<\/p>\t\t\t\t\t\t\t\t<\/div>\n\t\t\t\t<\/div>\n\t\t\t\t\t<\/div>\n\t\t\t\t<\/div>\n\t\t\t\t<\/div>\n\t\t","protected":false},"excerpt":{"rendered":"<p>LEGAL NOTICES In accordance with the provisions of Law No. 2004-575 of 21 June 2004 on confidence in the digital economy, users of the ggpiks-art website are informed of the identity of the various parties involved in its creation and monitoring. Publication of the site This site, accessible at the URL https:\/\/ggpiks-art.com\/ (the \u2018Site\u2019), is [&hellip;]<\/p>\n","protected":false},"author":1,"featured_media":0,"parent":0,"menu_order":0,"comment_status":"closed","ping_status":"closed","template":"","meta":{"footnotes":""},"class_list":["post-146413","page","type-page","status-publish","hentry"],"_links":{"self":[{"href":"https:\/\/ggpiks-art.com\/en\/wp-json\/wp\/v2\/pages\/146413","targetHints":{"allow":["GET"]}}],"collection":[{"href":"https:\/\/ggpiks-art.com\/en\/wp-json\/wp\/v2\/pages"}],"about":[{"href":"https:\/\/ggpiks-art.com\/en\/wp-json\/wp\/v2\/types\/page"}],"author":[{"embeddable":true,"href":"https:\/\/ggpiks-art.com\/en\/wp-json\/wp\/v2\/users\/1"}],"replies":[{"embeddable":true,"href":"https:\/\/ggpiks-art.com\/en\/wp-json\/wp\/v2\/comments?post=146413"}],"version-history":[{"count":11,"href":"https:\/\/ggpiks-art.com\/en\/wp-json\/wp\/v2\/pages\/146413\/revisions"}],"predecessor-version":[{"id":146715,"href":"https:\/\/ggpiks-art.com\/en\/wp-json\/wp\/v2\/pages\/146413\/revisions\/146715"}],"wp:attachment":[{"href":"https:\/\/ggpiks-art.com\/en\/wp-json\/wp\/v2\/media?parent=146413"}],"curies":[{"name":"wp","href":"https:\/\/api.w.org\/{rel}","templated":true}]}}